{"id":714,"date":"2019-07-03T12:08:27","date_gmt":"2019-07-03T10:08:27","guid":{"rendered":"https:\/\/ichoc.de\/impressum\/"},"modified":"2025-07-15T12:21:32","modified_gmt":"2025-07-15T10:21:32","slug":"impressum","status":"publish","type":"page","link":"https:\/\/ichoc.de\/en\/impressum\/","title":{"rendered":"IMPRESSUM"},"content":{"rendered":"<p>[vc_row full_width=&#8221;stretch_row_content&#8221; css=&#8221;.vc_custom_1661513852819{background-image: url(https:\/\/ichoc.de\/wp-content\/uploads\/2022\/08\/Spread-The-Word_02.jpg?id=2211) !important;background-position: center !important;background-repeat: no-repeat !important;background-size: cover !important;}&#8221; el_class=&#8221;homepage hero hero-one hero3&#8243;][vc_column][vc_custom_heading text=&#8221;IMPRESSUM&#8221; font_container=&#8221;tag:h1|text_align:left&#8221; use_theme_fonts=&#8221;yes&#8221; css_animation=&#8221;right-to-left&#8221;][\/vc_column][\/vc_row][vc_row full_width=&#8221;stretch_row&#8221; gap=&#8221;35&#8243; equal_height=&#8221;yes&#8221; content_placement=&#8221;top&#8221; el_class=&#8221;contact contact-one pad-sm full-width-tablet reverse-tablet&#8221;][vc_column][vc_row_inner el_class=&#8221;full-width-tablet&#8221;][vc_column_inner width=&#8221;1\/2&#8243;][vc_column_text css_animation=&#8221;none&#8221;]EcoFinia GmbH<\/p>\n<p><strong>Rechtsform<\/strong><br \/>\nGmbH<\/p>\n<p><strong>Anschrift<\/strong><br \/>\nAm Kortl\u00e4nder 17<br \/>\nD-44787 Bochum<\/p>\n<p><strong>Kontakt<br \/>\n<\/strong>Tel.: <a href=\"tel:+4923454449360\">0234 54449360<\/a><br \/>\nEmail:\u00a0<a href=\"mailto:info@ecofinia.de\">info@ecofinia.de<\/a><\/p>\n<p><strong>Vertretungsberechtigte:<br \/>\n<\/strong>Gerrit Wiezoreck, Noel Meyer, Andreas Meyer, Cord Budde<\/p>\n<p><strong>Registergericht:<\/strong><br \/>\nAmtsgericht Herford<\/p>\n<p><strong>Registernummer:<\/strong><br \/>\nBad Oeynhausen HRB 5604<\/p>\n<p><strong>Umsatzsteuer-ID:<br \/>\n<\/strong>DE 813 545 500[\/vc_column_text][\/vc_column_inner][vc_column_inner width=&#8221;1\/2&#8243;][vc_column_text]<strong>Design und Umsetzung<\/strong><br \/>\nWebsmart GmbH &amp; Co. KG<br \/>\n<a href=\"https:\/\/www.websmart.de\/\" target=\"_blank\" rel=\"noopener\">www.websmart.de<\/a><\/p>\n<p><strong>Haftungshinweis<\/strong><br \/>\nTrotz sorgf\u00e4ltiger inhaltlicher Kontrolle \u00fcbernehmen wir keine Haftung f\u00fcr die Inhalte externer Links. F\u00fcr den Inhalt der verlinkten Seiten sind ausschlie\u00dflich deren Betreiber verantwortlich.<\/p>\n<p><strong>Streitigkeiten<\/strong><br \/>\nHier erhalten Sie als Verbraucher die M\u00f6glichkeit, sich bei Streitigkeiten mit uns an eine Schlichtungsstelle zu wenden:\u00a0<a href=\"https:\/\/ec.europa.eu\/consumers\/odr\/\" target=\"_blank\" rel=\"noopener\">https:\/\/ec.europa.eu\/consumers\/odr\/<\/a>.[\/vc_column_text][\/vc_column_inner][\/vc_row_inner][\/vc_column][\/vc_row]<\/p>\n","protected":false},"excerpt":{"rendered":"<p>[vc_row full_width=&#8221;stretch_row_content&#8221; css=&#8221;.vc_custom_1661513852819{background-image: url(https:\/\/ichoc.de\/wp-content\/uploads\/2022\/08\/Spread-The-Word_02.jpg?id=2211) !important;background-position: center !important;background-repeat: no-repeat !important;background-size: cover !important;}&#8221; el_class=&#8221;homepage hero hero-one hero3&#8243;][vc_column][vc_custom_heading text=&#8221;IMPRESSUM&#8221; font_container=&#8221;tag:h1|text_align:left&#8221; use_theme_fonts=&#8221;yes&#8221; css_animation=&#8221;right-to-left&#8221;][\/vc_column][\/vc_row][vc_row full_width=&#8221;stretch_row&#8221; gap=&#8221;35&#8243; equal_height=&#8221;yes&#8221; content_placement=&#8221;top&#8221; el_class=&#8221;contact contact-one pad-sm full-width-tablet reverse-tablet&#8221;][vc_column][vc_row_inner el_class=&#8221;full-width-tablet&#8221;][vc_column_inner width=&#8221;1\/2&#8243;][vc_column_text &hellip;<\/p>\n<p class=\"read-more\"> <a class=\"ast-button\" href=\"https:\/\/ichoc.de\/en\/impressum\/\"> <span class=\"screen-reader-text\">IMPRESSUM<\/span> Read More \u00bb<\/a><\/p>\n","protected":false},"author":4,"featured_media":0,"parent":0,"menu_order":0,"comment_status":"closed","ping_status":"closed","template":"","meta":{"footnotes":""},"yoast_head":"<!-- This site is optimized with the Yoast SEO plugin v15.6.2 - https:\/\/yoast.com\/wordpress\/plugins\/seo\/ -->\n<title>IMPRESSUM - iChoc - Vegane Schokolade<\/title>\n<meta name=\"robots\" content=\"index, follow, max-snippet:-1, max-image-preview:large, max-video-preview:-1\" \/>\n<link rel=\"canonical\" href=\"https:\/\/ichoc.de\/en\/impressum\/\" \/>\n<meta property=\"og:locale\" content=\"en_US\" \/>\n<meta property=\"og:type\" content=\"article\" \/>\n<meta property=\"og:title\" content=\"IMPRESSUM - iChoc - Vegane Schokolade\" \/>\n<meta property=\"og:description\" content=\"[vc_row full_width=&#8221;stretch_row_content&#8221; css=&#8221;.vc_custom_1661513852819{background-image: url(https:\/\/ichoc.de\/wp-content\/uploads\/2022\/08\/Spread-The-Word_02.jpg?id=2211) !important;background-position: center !important;background-repeat: no-repeat !important;background-size: cover !important;}&#8221; el_class=&#8221;homepage hero hero-one hero3&#8243;][vc_column][vc_custom_heading text=&#8221;IMPRESSUM&#8221; font_container=&#8221;tag:h1|text_align:left&#8221; use_theme_fonts=&#8221;yes&#8221; css_animation=&#8221;right-to-left&#8221;][\/vc_column][\/vc_row][vc_row full_width=&#8221;stretch_row&#8221; gap=&#8221;35&#8243; equal_height=&#8221;yes&#8221; content_placement=&#8221;top&#8221; el_class=&#8221;contact contact-one pad-sm full-width-tablet reverse-tablet&#8221;][vc_column][vc_row_inner el_class=&#8221;full-width-tablet&#8221;][vc_column_inner width=&#8221;1\/2&#8243;][vc_column_text &hellip; IMPRESSUM Read More \u00bb\" \/>\n<meta property=\"og:url\" content=\"https:\/\/ichoc.de\/en\/impressum\/\" \/>\n<meta property=\"og:site_name\" content=\"iChoc - Vegane Schokolade\" \/>\n<meta property=\"article:modified_time\" content=\"2025-07-15T10:21:32+00:00\" \/>\n<meta name=\"twitter:card\" content=\"summary_large_image\" \/>\n<meta name=\"twitter:label1\" content=\"Est. reading time\">\n\t<meta name=\"twitter:data1\" content=\"1 minute\">\n<script type=\"application\/ld+json\" class=\"yoast-schema-graph\">{\"@context\":\"https:\/\/schema.org\",\"@graph\":[{\"@type\":\"WebSite\",\"@id\":\"https:\/\/ichoc.de\/en\/#website\",\"url\":\"https:\/\/ichoc.de\/en\/\",\"name\":\"iChoc - Vegane Schokolade\",\"description\":\"BIO | VEGAN | FAIRTRADE | PALM\\u00d6LFREI | PLASTIKFREI\",\"potentialAction\":[{\"@type\":\"SearchAction\",\"target\":\"https:\/\/ichoc.de\/en\/?s={search_term_string}\",\"query-input\":\"required name=search_term_string\"}],\"inLanguage\":\"en-US\"},{\"@type\":\"WebPage\",\"@id\":\"https:\/\/ichoc.de\/en\/impressum\/#webpage\",\"url\":\"https:\/\/ichoc.de\/en\/impressum\/\",\"name\":\"IMPRESSUM - iChoc - Vegane Schokolade\",\"isPartOf\":{\"@id\":\"https:\/\/ichoc.de\/en\/#website\"},\"datePublished\":\"2019-07-03T10:08:27+00:00\",\"dateModified\":\"2025-07-15T10:21:32+00:00\",\"inLanguage\":\"en-US\",\"potentialAction\":[{\"@type\":\"ReadAction\",\"target\":[\"https:\/\/ichoc.de\/en\/impressum\/\"]}]}]}<\/script>\n<!-- \/ Yoast SEO plugin. -->","_links":{"self":[{"href":"https:\/\/ichoc.de\/en\/wp-json\/wp\/v2\/pages\/714"}],"collection":[{"href":"https:\/\/ichoc.de\/en\/wp-json\/wp\/v2\/pages"}],"about":[{"href":"https:\/\/ichoc.de\/en\/wp-json\/wp\/v2\/types\/page"}],"author":[{"embeddable":true,"href":"https:\/\/ichoc.de\/en\/wp-json\/wp\/v2\/users\/4"}],"replies":[{"embeddable":true,"href":"https:\/\/ichoc.de\/en\/wp-json\/wp\/v2\/comments?post=714"}],"version-history":[{"count":0,"href":"https:\/\/ichoc.de\/en\/wp-json\/wp\/v2\/pages\/714\/revisions"}],"wp:attachment":[{"href":"https:\/\/ichoc.de\/en\/wp-json\/wp\/v2\/media?parent=714"}],"curies":[{"name":"wp","href":"https:\/\/api.w.org\/{rel}","templated":true}]}}